{"id":988697,"date":"2025-11-04T09:03:50","date_gmt":"2025-11-04T08:03:50","guid":{"rendered":"https:\/\/meumwinery.si\/?post_type=product&#038;p=988697"},"modified":"2025-11-26T11:47:20","modified_gmt":"2025-11-26T10:47:20","slug":"meum-sparkling-albus-noir","status":"publish","type":"product","link":"https:\/\/meumwinery.si\/de\/produkt\/meum-sparkling-albus-noir\/","title":{"rendered":"MEUM Sparkling Albus Noir"},"content":{"rendered":"\t\t<div data-elementor-type=\"product-post\" data-elementor-id=\"988697\" class=\"elementor elementor-988697 elementor-988272\" data-elementor-post-type=\"product\">\n\t\t\t\t\t\t<section class=\"elementor-section elementor-top-section elementor-element elementor-element-291ac02 elementor-section-boxed elementor-section-height-default elementor-section-height-default\" data-id=\"291ac02\" data-element_type=\"section\">\n\t\t\t\t\t\t<div class=\"elementor-container elementor-column-gap-default\">\n\t\t\t\t\t<div class=\"elementor-column elementor-col-100 elementor-top-column elementor-element elementor-element-b960f3f\" data-id=\"b960f3f\" data-element_type=\"column\">\n\t\t\t<div class=\"elementor-widget-wrap elementor-element-populated\">\n\t\t\t\t\t\t<div class=\"elementor-element elementor-element-1b05cb1 elementor-widget elementor-widget-heading\" data-id=\"1b05cb1\" data-element_type=\"widget\" data-widget_type=\"heading.default\">\n\t\t\t\t<div class=\"elementor-widget-container\">\n\t\t\t\t\t<h5 class=\"elementor-heading-title elementor-size-default\">Details<\/h5>\t\t\t\t<\/div>\n\t\t\t\t<\/div>\n\t\t\t\t<div class=\"elementor-element elementor-element-b9044c3 elementor-widget elementor-widget-text-editor\" data-id=\"b9044c3\" data-element_type=\"widget\" data-widget_type=\"text-editor.default\">\n\t\t\t\t<div class=\"elementor-widget-container\">\n\t\t\t\t\t\t\t\t\t<p><strong>Rebsorte:<\/strong> 100 % Pinot Noir<\/p><p><strong>Alkoholgehalt:<\/strong> 12 %<\/p><p><strong>Speisenbegleitung:<\/strong> ideal als Aperitif oder zu gegrilltem Gefl\u00fcgel, Meeresfr\u00fcchten, Salaten, Trockenfleisch<\/p>\t\t\t\t\t\t\t\t<\/div>\n\t\t\t\t<\/div>\n\t\t\t\t<div class=\"elementor-element elementor-element-2f2b491 elementor-widget elementor-widget-heading\" data-id=\"2f2b491\" data-element_type=\"widget\" data-widget_type=\"heading.default\">\n\t\t\t\t<div class=\"elementor-widget-container\">\n\t\t\t\t\t<h5 class=\"elementor-heading-title elementor-size-default\">Beschreibung<\/h5>\t\t\t\t<\/div>\n\t\t\t\t<\/div>\n\t\t\t\t<div class=\"elementor-element elementor-element-7ab791d elementor-widget elementor-widget-text-editor\" data-id=\"7ab791d\" data-element_type=\"widget\" data-widget_type=\"text-editor.default\">\n\t\t\t\t<div class=\"elementor-widget-container\">\n\t\t\t\t\t\t\t\t\t<div><span lang=\"SL\">Zarte goldene Farbe. Die Perlage ist fein und anhaltend, typisch f\u00fcr die klassische Flascheng\u00e4rung. Die Mousse h\u00e4lt mehrere Minuten, mit zahlreichen kleinen Blasenketten. Das Aroma ist sanft, erinnert an duftige Noten von frischen roten Fr\u00fcchten und feinen Ankl\u00e4ngen von gebackenem Brot, was dem Schaumwein eine elegante Komplexit\u00e4t verleiht. Mittlerer bis voller K\u00f6rper, mit intensivem Geschmack, der immer wieder zum n\u00e4chsten Schluck einl\u00e4dt.<\/span><\/div>\t\t\t\t\t\t\t\t<\/div>\n\t\t\t\t<\/div>\n\t\t\t\t<div class=\"elementor-element elementor-element-851a9e6 elementor-align-left elementor-widget elementor-widget-button\" data-id=\"851a9e6\" data-element_type=\"widget\" data-settings=\"{&quot;_animation_tablet&quot;:&quot;none&quot;}\" data-widget_type=\"button.default\">\n\t\t\t\t<div class=\"elementor-widget-container\">\n\t\t\t\t\t\t\t\t\t<div class=\"elementor-button-wrapper\">\n\t\t\t\t\t<a class=\"elementor-button elementor-button-link elementor-size-sm\" href=\"https:\/\/meumwinery.si\/de\/kontakte\/\">\n\t\t\t\t\t\t<span class=\"elementor-button-content-wrapper\">\n\t\t\t\t\t\t<span class=\"elementor-button-icon\">\n\t\t\t\t<i aria-hidden=\"true\" class=\"fas fa-arrow-right\"><\/i>\t\t\t<\/span>\n\t\t\t\t\t\t\t\t\t<span class=\"elementor-button-text\">Anfrage<\/span>\n\t\t\t\t\t<\/span>\n\t\t\t\t\t<\/a>\n\t\t\t\t<\/div>\n\t\t\t\t\t\t\t\t<\/div>\n\t\t\t\t<\/div>\n\t\t\t\t<section class=\"elementor-section elementor-inner-section elementor-element elementor-element-331d5f0 elementor-section-boxed elementor-section-height-default elementor-section-height-default\" data-id=\"331d5f0\" data-element_type=\"section\">\n\t\t\t\t\t\t<div class=\"elementor-container elementor-column-gap-default\">\n\t\t\t\t\t<div class=\"elementor-column elementor-col-100 elementor-inner-column elementor-element elementor-element-bf06f9c\" data-id=\"bf06f9c\" data-element_type=\"column\">\n\t\t\t<div class=\"elementor-widget-wrap elementor-element-populated\">\n\t\t\t\t\t\t<div class=\"elementor-element elementor-element-ae97964 elementor-widget__width-initial elementor-widget-mobile__width-initial elementor-fixed elementor-hidden-tablet elementor-hidden-phone elementor-widget elementor-widget-image\" data-id=\"ae97964\" data-element_type=\"widget\" data-settings=\"{&quot;_position&quot;:&quot;fixed&quot;}\" data-widget_type=\"image.default\">\n\t\t\t\t<div class=\"elementor-widget-container\">\n\t\t\t\t\t\t\t\t\t<div class=\"elementor-image\">\n\t\t\t\t\t\t\t\t\t\t\t\t\t\t\t\t\t\t\t\t\t<img fetchpriority=\"high\" decoding=\"async\" width=\"308\" height=\"444\" src=\"https:\/\/meumwinery.si\/wp-content\/uploads\/2020\/08\/grapes-transparent-2-v2.png\" class=\"attachment-large size-large wp-image-988590\" alt=\"\" srcset=\"https:\/\/meumwinery.si\/wp-content\/uploads\/2020\/08\/grapes-transparent-2-v2.png 308w, https:\/\/meumwinery.si\/wp-content\/uploads\/2020\/08\/grapes-transparent-2-v2-208x300.png 208w\" sizes=\"(max-width: 308px) 100vw, 308px\" \/>\t\t\t\t\t\t\t\t\t\t\t\t\t\t\t\t\t\t\t\t\t\t\t\t<\/div>\n\t\t\t\t\t\t\t\t<\/div>\n\t\t\t\t<\/div>\n\t\t\t\t\t<\/div>\n\t\t<\/div>\n\t\t\t\t\t<\/div>\n\t\t<\/section>\n\t\t\t\t\t<\/div>\n\t\t<\/div>\n\t\t\t\t\t<\/div>\n\t\t<\/section>\n\t\t\t\t<\/div>\n\t\t","protected":false},"excerpt":{"rendered":"<div><span lang=\"SL\">Zarte goldene Farbe. Die Perlage ist fein und anhaltend, typisch f\u00fcr die klassische Flascheng\u00e4rung. Die Mousse h\u00e4lt mehrere Minuten, mit zahlreichen kleinen Blasenketten. Das Aroma ist sanft, erinnert an duftige Noten von frischen roten Fr\u00fcchten und feinen Ankl\u00e4ngen von gebackenem Brot, was dem Schaumwein eine elegante Komplexit\u00e4t verleiht. Mittlerer bis voller K\u00f6rper, mit intensivem Geschmack, der immer wieder zum n\u00e4chsten Schluck einl\u00e4dt.<\/span><\/div>\n","protected":false},"featured_media":988273,"comment_status":"closed","ping_status":"closed","template":"","meta":[],"product_brand":[],"product_cat":[81],"product_tag":[],"class_list":{"0":"post-988697","1":"product","2":"type-product","3":"status-publish","4":"has-post-thumbnail","6":"product_cat-schaumwein","8":"first","9":"instock","10":"shipping-taxable","11":"product-type-simple"},"aioseo_notices":[],"_links":{"self":[{"href":"https:\/\/meumwinery.si\/de\/wp-json\/wp\/v2\/product\/988697","targetHints":{"allow":["GET"]}}],"collection":[{"href":"https:\/\/meumwinery.si\/de\/wp-json\/wp\/v2\/product"}],"about":[{"href":"https:\/\/meumwinery.si\/de\/wp-json\/wp\/v2\/types\/product"}],"replies":[{"embeddable":true,"href":"https:\/\/meumwinery.si\/de\/wp-json\/wp\/v2\/comments?post=988697"}],"version-history":[{"count":5,"href":"https:\/\/meumwinery.si\/de\/wp-json\/wp\/v2\/product\/988697\/revisions"}],"predecessor-version":[{"id":988704,"href":"https:\/\/meumwinery.si\/de\/wp-json\/wp\/v2\/product\/988697\/revisions\/988704"}],"wp:featuredmedia":[{"embeddable":true,"href":"https:\/\/meumwinery.si\/de\/wp-json\/wp\/v2\/media\/988273"}],"wp:attachment":[{"href":"https:\/\/meumwinery.si\/de\/wp-json\/wp\/v2\/media?parent=988697"}],"wp:term":[{"taxonomy":"product_brand","embeddable":true,"href":"https:\/\/meumwinery.si\/de\/wp-json\/wp\/v2\/product_brand?post=988697"},{"taxonomy":"product_cat","embeddable":true,"href":"https:\/\/meumwinery.si\/de\/wp-json\/wp\/v2\/product_cat?post=988697"},{"taxonomy":"product_tag","embeddable":true,"href":"https:\/\/meumwinery.si\/de\/wp-json\/wp\/v2\/product_tag?post=988697"}],"curies":[{"name":"wp","href":"https:\/\/api.w.org\/{rel}","templated":true}]}}