{"id":988682,"date":"2025-10-30T06:34:12","date_gmt":"2025-10-30T05:34:12","guid":{"rendered":"https:\/\/meumwinery.si\/?post_type=product&#038;p=988682"},"modified":"2025-11-26T11:41:15","modified_gmt":"2025-11-26T10:41:15","slug":"meum-fussion","status":"publish","type":"product","link":"https:\/\/meumwinery.si\/de\/produkt\/meum-fussion\/","title":{"rendered":"MEUM Fussion"},"content":{"rendered":"\t\t<div data-elementor-type=\"product-post\" data-elementor-id=\"988682\" class=\"elementor elementor-988682 elementor-988193\" data-elementor-post-type=\"product\">\n\t\t\t\t\t\t<section class=\"elementor-section elementor-top-section elementor-element elementor-element-291ac02 elementor-section-boxed elementor-section-height-default elementor-section-height-default\" data-id=\"291ac02\" data-element_type=\"section\">\n\t\t\t\t\t\t<div class=\"elementor-container elementor-column-gap-default\">\n\t\t\t\t\t<div class=\"elementor-column elementor-col-100 elementor-top-column elementor-element elementor-element-b960f3f\" data-id=\"b960f3f\" data-element_type=\"column\">\n\t\t\t<div class=\"elementor-widget-wrap elementor-element-populated\">\n\t\t\t\t\t\t<div class=\"elementor-element elementor-element-1b05cb1 elementor-widget elementor-widget-heading\" data-id=\"1b05cb1\" data-element_type=\"widget\" data-widget_type=\"heading.default\">\n\t\t\t\t<div class=\"elementor-widget-container\">\n\t\t\t\t\t<h5 class=\"elementor-heading-title elementor-size-default\">Details<\/h5>\t\t\t\t<\/div>\n\t\t\t\t<\/div>\n\t\t\t\t<div class=\"elementor-element elementor-element-b9044c3 elementor-widget elementor-widget-text-editor\" data-id=\"b9044c3\" data-element_type=\"widget\" data-widget_type=\"text-editor.default\">\n\t\t\t\t<div class=\"elementor-widget-container\">\n\t\t\t\t\t\t\t\t\t<p><strong>Restzucker:<\/strong> trocken<\/p><p><strong>Alkoholgehalt:<\/strong> 13 %<\/p><p><strong>Speisenbegleitung:<\/strong> Steak, R\u00e4ucherfisch, Wild, dunkle Schokolade, Blauschimmelk\u00e4se<\/p>\t\t\t\t\t\t\t\t<\/div>\n\t\t\t\t<\/div>\n\t\t\t\t<div class=\"elementor-element elementor-element-2f2b491 elementor-widget elementor-widget-heading\" data-id=\"2f2b491\" data-element_type=\"widget\" data-widget_type=\"heading.default\">\n\t\t\t\t<div class=\"elementor-widget-container\">\n\t\t\t\t\t<h5 class=\"elementor-heading-title elementor-size-default\">Beschreibung<\/h5>\t\t\t\t<\/div>\n\t\t\t\t<\/div>\n\t\t\t\t<div class=\"elementor-element elementor-element-7ab791d elementor-widget elementor-widget-text-editor\" data-id=\"7ab791d\" data-element_type=\"widget\" data-widget_type=\"text-editor.default\">\n\t\t\t\t<div class=\"elementor-widget-container\">\n\t\t\t\t\t\t\t\t\t<div><span lang=\"SL\">Ein zart rubinfarbener Wein. Das Bouquet ist reif, mit Aromen von Erde, nassen Bl\u00e4ttern, Waldboden und dunkelroten Kirschen. Subtile Ankl\u00e4nge von Rauch, Eiche und Wacholder verleihen zus\u00e4tzliche Komplexit\u00e4t. Leicht dramatisch, gut strukturiert und elegant im Stil. Am Gaumen trocken, mittlerer K\u00f6rper, mit moderaten Tanninen. Die W\u00fcrze der Syrah-Traube tritt sch\u00f6n hervor und schafft eine harmonische Komposition mit langem, anhaltendem Abgang.<\/span><\/div>\t\t\t\t\t\t\t\t<\/div>\n\t\t\t\t<\/div>\n\t\t\t\t<div class=\"elementor-element elementor-element-735e7ab elementor-align-left elementor-widget elementor-widget-button\" data-id=\"735e7ab\" data-element_type=\"widget\" data-settings=\"{&quot;_animation_tablet&quot;:&quot;none&quot;}\" data-widget_type=\"button.default\">\n\t\t\t\t<div class=\"elementor-widget-container\">\n\t\t\t\t\t\t\t\t\t<div class=\"elementor-button-wrapper\">\n\t\t\t\t\t<a class=\"elementor-button elementor-button-link elementor-size-sm\" href=\"https:\/\/meumwinery.si\/de\/kontakte\/\">\n\t\t\t\t\t\t<span class=\"elementor-button-content-wrapper\">\n\t\t\t\t\t\t<span class=\"elementor-button-icon\">\n\t\t\t\t<i aria-hidden=\"true\" class=\"fas fa-arrow-right\"><\/i>\t\t\t<\/span>\n\t\t\t\t\t\t\t\t\t<span class=\"elementor-button-text\">Anfrage<\/span>\n\t\t\t\t\t<\/span>\n\t\t\t\t\t<\/a>\n\t\t\t\t<\/div>\n\t\t\t\t\t\t\t\t<\/div>\n\t\t\t\t<\/div>\n\t\t\t\t<div class=\"elementor-element elementor-element-495ec43 elementor-hidden-desktop elementor-hidden-tablet elementor-hidden-mobile elementor-widget elementor-widget-heading\" data-id=\"495ec43\" data-element_type=\"widget\" data-widget_type=\"heading.default\">\n\t\t\t\t<div class=\"elementor-widget-container\">\n\t\t\t\t\t<h5 class=\"elementor-heading-title elementor-size-default\">Nagrade<\/h5>\t\t\t\t<\/div>\n\t\t\t\t<\/div>\n\t\t\t\t<section class=\"elementor-section elementor-inner-section elementor-element elementor-element-5a20bcd elementor-hidden-desktop elementor-hidden-tablet elementor-hidden-mobile elementor-section-boxed elementor-section-height-default elementor-section-height-default\" data-id=\"5a20bcd\" data-element_type=\"section\">\n\t\t\t\t\t\t<div class=\"elementor-container elementor-column-gap-default\">\n\t\t\t\t\t<div class=\"elementor-column elementor-col-33 elementor-inner-column elementor-element elementor-element-748570c\" data-id=\"748570c\" data-element_type=\"column\">\n\t\t\t<div class=\"elementor-widget-wrap elementor-element-populated\">\n\t\t\t\t\t\t<div class=\"elementor-element elementor-element-526f90f elementor-headline--style-highlight elementor-widget elementor-widget-vamtam-animated-headline\" data-id=\"526f90f\" data-element_type=\"widget\" data-settings=\"{&quot;marker&quot;:&quot;curly&quot;,&quot;highlighted_text&quot;:&quot;92\\\/100&quot;,&quot;headline_style&quot;:&quot;highlight&quot;,&quot;loop&quot;:&quot;yes&quot;,&quot;highlight_animation_duration&quot;:1200,&quot;highlight_iteration_delay&quot;:8000}\" data-widget_type=\"vamtam-animated-headline.default\">\n\t\t\t\t<div class=\"elementor-widget-container\">\n\t\t\t\t\t\t\t\t\t<h5 class=\"elementor-headline\">\n\t\t\t\t\t\t\t\t\t\t\t\t\t\t\t\t\t\t<span class=\"elementor-headline-plain-text elementor-headline-text-wrapper\">Falstaff\u200b: <br><\/span>\n\t\t\t\t\t\t\t\t\t\t\t\t<span class=\"elementor-headline-dynamic-wrapper elementor-headline-text-wrapper\">\n\t\t\t\t\t\t\t\t\t\t\t\t\t<span class=\"elementor-headline-dynamic-text elementor-headline-text-active\">92\/100<\/span>\n\t\t\t\t\t\t\t\t\t\t\t\t<\/span>\n\t\t\t\t\t\t\t\t\t\t\t\t\t<span class=\"elementor-headline-plain-text elementor-headline-text-wrapper\">Austria<\/span>\n\t\t\t\t\t\t\t\t\t\t\t\t\t\t\t\t<\/h5>\n\t\t\t\t\t\t\t\t<\/div>\n\t\t\t\t<\/div>\n\t\t\t\t\t<\/div>\n\t\t<\/div>\n\t\t\t\t<div class=\"elementor-column elementor-col-33 elementor-inner-column elementor-element elementor-element-619ede8\" data-id=\"619ede8\" data-element_type=\"column\">\n\t\t\t<div class=\"elementor-widget-wrap elementor-element-populated\">\n\t\t\t\t\t\t<div class=\"elementor-element elementor-element-df7b0fd elementor-headline--style-highlight elementor-widget elementor-widget-vamtam-animated-headline\" data-id=\"df7b0fd\" data-element_type=\"widget\" data-settings=\"{&quot;marker&quot;:&quot;curly&quot;,&quot;highlighted_text&quot;:&quot;94\\\/100&quot;,&quot;headline_style&quot;:&quot;highlight&quot;,&quot;loop&quot;:&quot;yes&quot;,&quot;highlight_animation_duration&quot;:1200,&quot;highlight_iteration_delay&quot;:8000}\" data-widget_type=\"vamtam-animated-headline.default\">\n\t\t\t\t<div class=\"elementor-widget-container\">\n\t\t\t\t\t\t\t\t\t<h5 class=\"elementor-headline\">\n\t\t\t\t\t\t\t\t\t\t\t\t\t\t\t\t\t\t<span class=\"elementor-headline-plain-text elementor-headline-text-wrapper\">Daniele Cernilli: <br><\/span>\n\t\t\t\t\t\t\t\t\t\t\t\t<span class=\"elementor-headline-dynamic-wrapper elementor-headline-text-wrapper\">\n\t\t\t\t\t\t\t\t\t\t\t\t\t<span class=\"elementor-headline-dynamic-text elementor-headline-text-active\">94\/100<\/span>\n\t\t\t\t\t\t\t\t\t\t\t\t<\/span>\n\t\t\t\t\t\t\t\t\t\t\t\t\t<span class=\"elementor-headline-plain-text elementor-headline-text-wrapper\">Italy<\/span>\n\t\t\t\t\t\t\t\t\t\t\t\t\t\t\t\t<\/h5>\n\t\t\t\t\t\t\t\t<\/div>\n\t\t\t\t<\/div>\n\t\t\t\t\t<\/div>\n\t\t<\/div>\n\t\t\t\t<div class=\"elementor-column elementor-col-33 elementor-inner-column elementor-element elementor-element-dd441ec\" data-id=\"dd441ec\" data-element_type=\"column\">\n\t\t\t<div class=\"elementor-widget-wrap elementor-element-populated\">\n\t\t\t\t\t\t<div class=\"elementor-element elementor-element-695cd6d elementor-headline--style-highlight elementor-widget elementor-widget-vamtam-animated-headline\" data-id=\"695cd6d\" data-element_type=\"widget\" data-settings=\"{&quot;marker&quot;:&quot;curly&quot;,&quot;highlighted_text&quot;:&quot;Tre bicchieri&quot;,&quot;headline_style&quot;:&quot;highlight&quot;,&quot;loop&quot;:&quot;yes&quot;,&quot;highlight_animation_duration&quot;:1200,&quot;highlight_iteration_delay&quot;:8000}\" data-widget_type=\"vamtam-animated-headline.default\">\n\t\t\t\t<div class=\"elementor-widget-container\">\n\t\t\t\t\t\t\t\t\t<h5 class=\"elementor-headline\">\n\t\t\t\t\t\t\t\t\t\t\t\t\t\t\t\t\t\t<span class=\"elementor-headline-plain-text elementor-headline-text-wrapper\">Gambero Rosso\u200b: <br><\/span>\n\t\t\t\t\t\t\t\t\t\t\t\t<span class=\"elementor-headline-dynamic-wrapper elementor-headline-text-wrapper\">\n\t\t\t\t\t\t\t\t\t\t\t\t\t<span class=\"elementor-headline-dynamic-text elementor-headline-text-active\">Tre bicchieri<\/span>\n\t\t\t\t\t\t\t\t\t\t\t\t<\/span>\n\t\t\t\t\t\t\t\t\t\t\t\t\t<span class=\"elementor-headline-plain-text elementor-headline-text-wrapper\">Italy<\/span>\n\t\t\t\t\t\t\t\t\t\t\t\t\t\t\t\t<\/h5>\n\t\t\t\t\t\t\t\t<\/div>\n\t\t\t\t<\/div>\n\t\t\t\t\t<\/div>\n\t\t<\/div>\n\t\t\t\t\t<\/div>\n\t\t<\/section>\n\t\t\t\t<section class=\"elementor-section elementor-inner-section elementor-element elementor-element-331d5f0 elementor-section-boxed elementor-section-height-default elementor-section-height-default\" data-id=\"331d5f0\" data-element_type=\"section\">\n\t\t\t\t\t\t<div class=\"elementor-container elementor-column-gap-default\">\n\t\t\t\t\t<div class=\"elementor-column elementor-col-100 elementor-inner-column elementor-element elementor-element-bf06f9c\" data-id=\"bf06f9c\" data-element_type=\"column\">\n\t\t\t<div class=\"elementor-widget-wrap elementor-element-populated\">\n\t\t\t\t\t\t<div class=\"elementor-element elementor-element-ae97964 elementor-widget__width-initial elementor-widget-mobile__width-initial elementor-fixed elementor-hidden-tablet elementor-hidden-phone elementor-widget elementor-widget-image\" data-id=\"ae97964\" data-element_type=\"widget\" data-settings=\"{&quot;_position&quot;:&quot;fixed&quot;}\" data-widget_type=\"image.default\">\n\t\t\t\t<div class=\"elementor-widget-container\">\n\t\t\t\t\t\t\t\t\t<div class=\"elementor-image\">\n\t\t\t\t\t\t\t\t\t\t\t\t\t\t\t\t\t\t\t\t\t<img fetchpriority=\"high\" decoding=\"async\" width=\"308\" height=\"444\" src=\"https:\/\/meumwinery.si\/wp-content\/uploads\/2020\/08\/grapes-transparent-2-v2.png\" class=\"attachment-large size-large wp-image-988590\" alt=\"\" srcset=\"https:\/\/meumwinery.si\/wp-content\/uploads\/2020\/08\/grapes-transparent-2-v2.png 308w, https:\/\/meumwinery.si\/wp-content\/uploads\/2020\/08\/grapes-transparent-2-v2-208x300.png 208w\" sizes=\"(max-width: 308px) 100vw, 308px\" \/>\t\t\t\t\t\t\t\t\t\t\t\t\t\t\t\t\t\t\t\t\t\t\t\t<\/div>\n\t\t\t\t\t\t\t\t<\/div>\n\t\t\t\t<\/div>\n\t\t\t\t\t<\/div>\n\t\t<\/div>\n\t\t\t\t\t<\/div>\n\t\t<\/section>\n\t\t\t\t\t<\/div>\n\t\t<\/div>\n\t\t\t\t\t<\/div>\n\t\t<\/section>\n\t\t\t\t<\/div>\n\t\t","protected":false},"excerpt":{"rendered":"<div><span lang=\"SL\">Ein zart rubinfarbener Wein. Das Bouquet ist reif, mit Aromen von Erde, nassen Bl\u00e4ttern, Waldboden und dunkelroten Kirschen. Subtile Ankl\u00e4nge von Rauch, Eiche und Wacholder verleihen zus\u00e4tzliche Komplexit\u00e4t. Leicht dramatisch, gut strukturiert und elegant im Stil. Am Gaumen trocken, mittlerer K\u00f6rper, mit moderaten Tanninen. Die W\u00fcrze der Syrah-Traube tritt sch\u00f6n hervor und schafft eine harmonische Komposition mit langem, anhaltendem Abgang.<\/span><\/div>\n","protected":false},"featured_media":988194,"comment_status":"closed","ping_status":"closed","template":"","meta":[],"product_brand":[],"product_cat":[80],"product_tag":[],"class_list":{"0":"post-988682","1":"product","2":"type-product","3":"status-publish","4":"has-post-thumbnail","6":"product_cat-rotwein","8":"first","9":"instock","10":"shipping-taxable","11":"product-type-simple"},"aioseo_notices":[],"_links":{"self":[{"href":"https:\/\/meumwinery.si\/de\/wp-json\/wp\/v2\/product\/988682","targetHints":{"allow":["GET"]}}],"collection":[{"href":"https:\/\/meumwinery.si\/de\/wp-json\/wp\/v2\/product"}],"about":[{"href":"https:\/\/meumwinery.si\/de\/wp-json\/wp\/v2\/types\/product"}],"replies":[{"embeddable":true,"href":"https:\/\/meumwinery.si\/de\/wp-json\/wp\/v2\/comments?post=988682"}],"version-history":[{"count":5,"href":"https:\/\/meumwinery.si\/de\/wp-json\/wp\/v2\/product\/988682\/revisions"}],"predecessor-version":[{"id":988689,"href":"https:\/\/meumwinery.si\/de\/wp-json\/wp\/v2\/product\/988682\/revisions\/988689"}],"wp:featuredmedia":[{"embeddable":true,"href":"https:\/\/meumwinery.si\/de\/wp-json\/wp\/v2\/media\/988194"}],"wp:attachment":[{"href":"https:\/\/meumwinery.si\/de\/wp-json\/wp\/v2\/media?parent=988682"}],"wp:term":[{"taxonomy":"product_brand","embeddable":true,"href":"https:\/\/meumwinery.si\/de\/wp-json\/wp\/v2\/product_brand?post=988682"},{"taxonomy":"product_cat","embeddable":true,"href":"https:\/\/meumwinery.si\/de\/wp-json\/wp\/v2\/product_cat?post=988682"},{"taxonomy":"product_tag","embeddable":true,"href":"https:\/\/meumwinery.si\/de\/wp-json\/wp\/v2\/product_tag?post=988682"}],"curies":[{"name":"wp","href":"https:\/\/api.w.org\/{rel}","templated":true}]}}